{"id":2218,"date":"2023-12-05T23:45:53","date_gmt":"2023-12-05T21:45:53","guid":{"rendered":"https:\/\/www.purtsepruulikoda.ee\/?page_id=2218"},"modified":"2025-02-02T18:24:17","modified_gmt":"2025-02-02T16:24:17","slug":"avaleht","status":"publish","type":"page","link":"https:\/\/www.purtsepruulikoda.ee\/it","title":{"rendered":"Pagina iniziale"},"content":{"rendered":"","protected":false},"excerpt":{"rendered":"","protected":false},"author":2,"featured_media":0,"parent":0,"menu_order":0,"comment_status":"closed","ping_status":"closed","template":"templates\/avaleht.php","meta":{"_acf_changed":false,"footnotes":""},"class_list":["post-2218","page","type-page","status-publish","hentry"],"acf":[],"yoast_head":"<!-- This site is optimized with the Yoast SEO plugin v26.4 - https:\/\/yoast.com\/wordpress\/plugins\/seo\/ -->\n<title>Pagina iniziale - Purtse<\/title>\n<meta name=\"robots\" content=\"index, follow, max-snippet:-1, max-image-preview:large, max-video-preview:-1\" \/>\n<link rel=\"canonical\" href=\"https:\/\/www.purtsepruulikoda.ee\/it\" \/>\n<meta property=\"og:locale\" content=\"it_IT\" \/>\n<meta property=\"og:type\" content=\"article\" \/>\n<meta property=\"og:title\" content=\"Pagina iniziale - Purtse\" \/>\n<meta property=\"og:url\" content=\"https:\/\/www.purtsepruulikoda.ee\/it\" \/>\n<meta property=\"og:site_name\" content=\"Purtse\" \/>\n<meta property=\"article:modified_time\" content=\"2025-02-02T16:24:17+00:00\" \/>\n<meta name=\"twitter:card\" content=\"summary_large_image\" \/>\n<script type=\"application\/ld+json\" class=\"yoast-schema-graph\">{\"@context\":\"https:\/\/schema.org\",\"@graph\":[{\"@type\":\"WebPage\",\"@id\":\"https:\/\/www.purtsepruulikoda.ee\/it\",\"url\":\"https:\/\/www.purtsepruulikoda.ee\/it\",\"name\":\"Pagina iniziale - Purtse\",\"isPartOf\":{\"@id\":\"https:\/\/www.purtsepruulikoda.ee\/#website\"},\"datePublished\":\"2023-12-05T21:45:53+00:00\",\"dateModified\":\"2025-02-02T16:24:17+00:00\",\"breadcrumb\":{\"@id\":\"https:\/\/www.purtsepruulikoda.ee\/it#breadcrumb\"},\"inLanguage\":\"it-IT\",\"potentialAction\":[{\"@type\":\"ReadAction\",\"target\":[\"https:\/\/www.purtsepruulikoda.ee\/it\"]}]},{\"@type\":\"BreadcrumbList\",\"@id\":\"https:\/\/www.purtsepruulikoda.ee\/it#breadcrumb\",\"itemListElement\":[{\"@type\":\"ListItem\",\"position\":1,\"name\":\"Home\",\"item\":\"https:\/\/www.purtsepruulikoda.ee\/it\"},{\"@type\":\"ListItem\",\"position\":2,\"name\":\"Pagina iniziale\"}]},{\"@type\":\"WebSite\",\"@id\":\"https:\/\/www.purtsepruulikoda.ee\/#website\",\"url\":\"https:\/\/www.purtsepruulikoda.ee\/\",\"name\":\"Purtse\",\"description\":\"K\u00e4sit\u00f6\u00f6\u00f5lu Metsikust Idast. Industriaalne, eksperimentaalne, pruulitud koos fantastiliste humalate ja lugudega Purtse kindluses.\",\"potentialAction\":[{\"@type\":\"SearchAction\",\"target\":{\"@type\":\"EntryPoint\",\"urlTemplate\":\"https:\/\/www.purtsepruulikoda.ee\/?s={search_term_string}\"},\"query-input\":{\"@type\":\"PropertyValueSpecification\",\"valueRequired\":true,\"valueName\":\"search_term_string\"}}],\"inLanguage\":\"it-IT\"}]}<\/script>\n<!-- \/ Yoast SEO plugin. -->","yoast_head_json":{"title":"Pagina iniziale - Purtse","robots":{"index":"index","follow":"follow","max-snippet":"max-snippet:-1","max-image-preview":"max-image-preview:large","max-video-preview":"max-video-preview:-1"},"canonical":"https:\/\/www.purtsepruulikoda.ee\/it","og_locale":"it_IT","og_type":"article","og_title":"Pagina iniziale - Purtse","og_url":"https:\/\/www.purtsepruulikoda.ee\/it","og_site_name":"Purtse","article_modified_time":"2025-02-02T16:24:17+00:00","twitter_card":"summary_large_image","schema":{"@context":"https:\/\/schema.org","@graph":[{"@type":"WebPage","@id":"https:\/\/www.purtsepruulikoda.ee\/it","url":"https:\/\/www.purtsepruulikoda.ee\/it","name":"Pagina iniziale - Purtse","isPartOf":{"@id":"https:\/\/www.purtsepruulikoda.ee\/#website"},"datePublished":"2023-12-05T21:45:53+00:00","dateModified":"2025-02-02T16:24:17+00:00","breadcrumb":{"@id":"https:\/\/www.purtsepruulikoda.ee\/it#breadcrumb"},"inLanguage":"it-IT","potentialAction":[{"@type":"ReadAction","target":["https:\/\/www.purtsepruulikoda.ee\/it"]}]},{"@type":"BreadcrumbList","@id":"https:\/\/www.purtsepruulikoda.ee\/it#breadcrumb","itemListElement":[{"@type":"ListItem","position":1,"name":"Home","item":"https:\/\/www.purtsepruulikoda.ee\/it"},{"@type":"ListItem","position":2,"name":"Pagina iniziale"}]},{"@type":"WebSite","@id":"https:\/\/www.purtsepruulikoda.ee\/#website","url":"https:\/\/www.purtsepruulikoda.ee\/","name":"Purtse","description":"K\u00e4sit\u00f6\u00f6\u00f5lu Metsikust Idast. Industriaalne, eksperimentaalne, pruulitud koos fantastiliste humalate ja lugudega Purtse kindluses.","potentialAction":[{"@type":"SearchAction","target":{"@type":"EntryPoint","urlTemplate":"https:\/\/www.purtsepruulikoda.ee\/?s={search_term_string}"},"query-input":{"@type":"PropertyValueSpecification","valueRequired":true,"valueName":"search_term_string"}}],"inLanguage":"it-IT"}]}},"_links":{"self":[{"href":"https:\/\/www.purtsepruulikoda.ee\/it\/wp-json\/wp\/v2\/pages\/2218","targetHints":{"allow":["GET"]}}],"collection":[{"href":"https:\/\/www.purtsepruulikoda.ee\/it\/wp-json\/wp\/v2\/pages"}],"about":[{"href":"https:\/\/www.purtsepruulikoda.ee\/it\/wp-json\/wp\/v2\/types\/page"}],"author":[{"embeddable":true,"href":"https:\/\/www.purtsepruulikoda.ee\/it\/wp-json\/wp\/v2\/users\/2"}],"replies":[{"embeddable":true,"href":"https:\/\/www.purtsepruulikoda.ee\/it\/wp-json\/wp\/v2\/comments?post=2218"}],"version-history":[{"count":5,"href":"https:\/\/www.purtsepruulikoda.ee\/it\/wp-json\/wp\/v2\/pages\/2218\/revisions"}],"predecessor-version":[{"id":2707,"href":"https:\/\/www.purtsepruulikoda.ee\/it\/wp-json\/wp\/v2\/pages\/2218\/revisions\/2707"}],"wp:attachment":[{"href":"https:\/\/www.purtsepruulikoda.ee\/it\/wp-json\/wp\/v2\/media?parent=2218"}],"curies":[{"name":"wp","href":"https:\/\/api.w.org\/{rel}","templated":true}]}}