{"id":2721,"date":"2016-06-15T14:25:58","date_gmt":"2016-06-15T11:25:58","guid":{"rendered":"https:\/\/www.purtsepruulikoda.ee\/purtse-olu"},"modified":"2025-02-16T21:16:54","modified_gmt":"2025-02-16T19:16:54","slug":"birre","status":"publish","type":"page","link":"https:\/\/www.purtsepruulikoda.ee\/it\/birre","title":{"rendered":"Birre"},"content":{"rendered":"","protected":false},"excerpt":{"rendered":"","protected":false},"author":7,"featured_media":0,"parent":0,"menu_order":0,"comment_status":"closed","ping_status":"closed","template":"templates\/olled.php","meta":{"_acf_changed":false,"footnotes":""},"class_list":["post-2721","page","type-page","status-publish","hentry"],"acf":[],"yoast_head":"<!-- This site is optimized with the Yoast SEO plugin v26.4 - https:\/\/yoast.com\/wordpress\/plugins\/seo\/ -->\n<title>Purtse \u00f5lu<\/title>\n<meta name=\"description\" content=\"Purtse \u00f5lu- Metsik Ida, Siidisuka, Purtse, \u0160aht- Matt, Industriaal, Tuham\u00e4gi, Eksperimentaalpruulid. Me t\u00f5stame pudelid Metsiku Ida auks!\" \/>\n<meta name=\"robots\" content=\"index, follow, max-snippet:-1, max-image-preview:large, max-video-preview:-1\" \/>\n<link rel=\"canonical\" href=\"https:\/\/www.purtsepruulikoda.ee\/it\/birre\" \/>\n<meta property=\"og:locale\" content=\"it_IT\" \/>\n<meta property=\"og:type\" content=\"article\" \/>\n<meta property=\"og:title\" content=\"Purtse \u00f5lu\" \/>\n<meta property=\"og:description\" content=\"Purtse \u00f5lu- Metsik Ida, Siidisuka, Purtse, \u0160aht- Matt, Industriaal, Tuham\u00e4gi, Eksperimentaalpruulid. Me t\u00f5stame pudelid Metsiku Ida auks!\" \/>\n<meta property=\"og:url\" content=\"https:\/\/www.purtsepruulikoda.ee\/it\/birre\" \/>\n<meta property=\"og:site_name\" content=\"Purtse\" \/>\n<meta property=\"article:modified_time\" content=\"2025-02-16T19:16:54+00:00\" \/>\n<meta name=\"twitter:card\" content=\"summary_large_image\" \/>\n<script type=\"application\/ld+json\" class=\"yoast-schema-graph\">{\"@context\":\"https:\/\/schema.org\",\"@graph\":[{\"@type\":\"WebPage\",\"@id\":\"https:\/\/www.purtsepruulikoda.ee\/it\/birre\",\"url\":\"https:\/\/www.purtsepruulikoda.ee\/it\/birre\",\"name\":\"Purtse \u00f5lu\",\"isPartOf\":{\"@id\":\"https:\/\/www.purtsepruulikoda.ee\/#website\"},\"datePublished\":\"2016-06-15T11:25:58+00:00\",\"dateModified\":\"2025-02-16T19:16:54+00:00\",\"description\":\"Purtse \u00f5lu- Metsik Ida, Siidisuka, Purtse, \u0160aht- Matt, Industriaal, Tuham\u00e4gi, Eksperimentaalpruulid. Me t\u00f5stame pudelid Metsiku Ida auks!\",\"breadcrumb\":{\"@id\":\"https:\/\/www.purtsepruulikoda.ee\/it\/birre#breadcrumb\"},\"inLanguage\":\"it-IT\",\"potentialAction\":[{\"@type\":\"ReadAction\",\"target\":[\"https:\/\/www.purtsepruulikoda.ee\/it\/birre\"]}]},{\"@type\":\"BreadcrumbList\",\"@id\":\"https:\/\/www.purtsepruulikoda.ee\/it\/birre#breadcrumb\",\"itemListElement\":[{\"@type\":\"ListItem\",\"position\":1,\"name\":\"Home\",\"item\":\"https:\/\/www.purtsepruulikoda.ee\/it\"},{\"@type\":\"ListItem\",\"position\":2,\"name\":\"Birre\"}]},{\"@type\":\"WebSite\",\"@id\":\"https:\/\/www.purtsepruulikoda.ee\/#website\",\"url\":\"https:\/\/www.purtsepruulikoda.ee\/\",\"name\":\"Purtse\",\"description\":\"K\u00e4sit\u00f6\u00f6\u00f5lu Metsikust Idast. Industriaalne, eksperimentaalne, pruulitud koos fantastiliste humalate ja lugudega Purtse kindluses.\",\"potentialAction\":[{\"@type\":\"SearchAction\",\"target\":{\"@type\":\"EntryPoint\",\"urlTemplate\":\"https:\/\/www.purtsepruulikoda.ee\/?s={search_term_string}\"},\"query-input\":{\"@type\":\"PropertyValueSpecification\",\"valueRequired\":true,\"valueName\":\"search_term_string\"}}],\"inLanguage\":\"it-IT\"}]}<\/script>\n<!-- \/ Yoast SEO plugin. -->","yoast_head_json":{"title":"Purtse \u00f5lu","description":"Purtse \u00f5lu- Metsik Ida, Siidisuka, Purtse, \u0160aht- Matt, Industriaal, Tuham\u00e4gi, Eksperimentaalpruulid. Me t\u00f5stame pudelid Metsiku Ida auks!","robots":{"index":"index","follow":"follow","max-snippet":"max-snippet:-1","max-image-preview":"max-image-preview:large","max-video-preview":"max-video-preview:-1"},"canonical":"https:\/\/www.purtsepruulikoda.ee\/it\/birre","og_locale":"it_IT","og_type":"article","og_title":"Purtse \u00f5lu","og_description":"Purtse \u00f5lu- Metsik Ida, Siidisuka, Purtse, \u0160aht- Matt, Industriaal, Tuham\u00e4gi, Eksperimentaalpruulid. Me t\u00f5stame pudelid Metsiku Ida auks!","og_url":"https:\/\/www.purtsepruulikoda.ee\/it\/birre","og_site_name":"Purtse","article_modified_time":"2025-02-16T19:16:54+00:00","twitter_card":"summary_large_image","schema":{"@context":"https:\/\/schema.org","@graph":[{"@type":"WebPage","@id":"https:\/\/www.purtsepruulikoda.ee\/it\/birre","url":"https:\/\/www.purtsepruulikoda.ee\/it\/birre","name":"Purtse \u00f5lu","isPartOf":{"@id":"https:\/\/www.purtsepruulikoda.ee\/#website"},"datePublished":"2016-06-15T11:25:58+00:00","dateModified":"2025-02-16T19:16:54+00:00","description":"Purtse \u00f5lu- Metsik Ida, Siidisuka, Purtse, \u0160aht- Matt, Industriaal, Tuham\u00e4gi, Eksperimentaalpruulid. Me t\u00f5stame pudelid Metsiku Ida auks!","breadcrumb":{"@id":"https:\/\/www.purtsepruulikoda.ee\/it\/birre#breadcrumb"},"inLanguage":"it-IT","potentialAction":[{"@type":"ReadAction","target":["https:\/\/www.purtsepruulikoda.ee\/it\/birre"]}]},{"@type":"BreadcrumbList","@id":"https:\/\/www.purtsepruulikoda.ee\/it\/birre#breadcrumb","itemListElement":[{"@type":"ListItem","position":1,"name":"Home","item":"https:\/\/www.purtsepruulikoda.ee\/it"},{"@type":"ListItem","position":2,"name":"Birre"}]},{"@type":"WebSite","@id":"https:\/\/www.purtsepruulikoda.ee\/#website","url":"https:\/\/www.purtsepruulikoda.ee\/","name":"Purtse","description":"K\u00e4sit\u00f6\u00f6\u00f5lu Metsikust Idast. Industriaalne, eksperimentaalne, pruulitud koos fantastiliste humalate ja lugudega Purtse kindluses.","potentialAction":[{"@type":"SearchAction","target":{"@type":"EntryPoint","urlTemplate":"https:\/\/www.purtsepruulikoda.ee\/?s={search_term_string}"},"query-input":{"@type":"PropertyValueSpecification","valueRequired":true,"valueName":"search_term_string"}}],"inLanguage":"it-IT"}]}},"_links":{"self":[{"href":"https:\/\/www.purtsepruulikoda.ee\/it\/wp-json\/wp\/v2\/pages\/2721","targetHints":{"allow":["GET"]}}],"collection":[{"href":"https:\/\/www.purtsepruulikoda.ee\/it\/wp-json\/wp\/v2\/pages"}],"about":[{"href":"https:\/\/www.purtsepruulikoda.ee\/it\/wp-json\/wp\/v2\/types\/page"}],"author":[{"embeddable":true,"href":"https:\/\/www.purtsepruulikoda.ee\/it\/wp-json\/wp\/v2\/users\/7"}],"replies":[{"embeddable":true,"href":"https:\/\/www.purtsepruulikoda.ee\/it\/wp-json\/wp\/v2\/comments?post=2721"}],"version-history":[{"count":1,"href":"https:\/\/www.purtsepruulikoda.ee\/it\/wp-json\/wp\/v2\/pages\/2721\/revisions"}],"predecessor-version":[{"id":2723,"href":"https:\/\/www.purtsepruulikoda.ee\/it\/wp-json\/wp\/v2\/pages\/2721\/revisions\/2723"}],"wp:attachment":[{"href":"https:\/\/www.purtsepruulikoda.ee\/it\/wp-json\/wp\/v2\/media?parent=2721"}],"curies":[{"name":"wp","href":"https:\/\/api.w.org\/{rel}","templated":true}]}}