{"id":2428,"date":"2019-12-02T23:29:15","date_gmt":"2019-12-02T21:29:15","guid":{"rendered":"https:\/\/www.purtsepruulikoda.ee\/mekituba"},"modified":"2024-11-24T19:09:05","modified_gmt":"2024-11-24T17:09:05","slug":"mekituba","status":"publish","type":"page","link":"https:\/\/www.purtsepruulikoda.ee\/ru\/mekituba","title":{"rendered":"Mekituba"},"content":{"rendered":"","protected":false},"excerpt":{"rendered":"","protected":false},"author":2,"featured_media":0,"parent":0,"menu_order":0,"comment_status":"closed","ping_status":"closed","template":"templates\/pruulikoda.php","meta":{"_acf_changed":false,"footnotes":""},"class_list":["post-2428","page","type-page","status-publish","hentry"],"acf":[],"yoast_head":"<!-- This site is optimized with the Yoast SEO plugin v26.4 - https:\/\/yoast.com\/wordpress\/plugins\/seo\/ -->\n<title>Mekituba - Purtse<\/title>\n<meta name=\"robots\" content=\"index, follow, max-snippet:-1, max-image-preview:large, max-video-preview:-1\" \/>\n<link rel=\"canonical\" href=\"https:\/\/www.purtsepruulikoda.ee\/ru\/mekituba\" \/>\n<meta property=\"og:locale\" content=\"ru_RU\" \/>\n<meta property=\"og:type\" content=\"article\" \/>\n<meta property=\"og:title\" content=\"Mekituba - Purtse\" \/>\n<meta property=\"og:url\" content=\"https:\/\/www.purtsepruulikoda.ee\/ru\/mekituba\" \/>\n<meta property=\"og:site_name\" content=\"Purtse\" \/>\n<meta property=\"article:modified_time\" content=\"2024-11-24T17:09:05+00:00\" \/>\n<meta name=\"twitter:card\" content=\"summary_large_image\" \/>\n<script type=\"application\/ld+json\" class=\"yoast-schema-graph\">{\"@context\":\"https:\/\/schema.org\",\"@graph\":[{\"@type\":\"WebPage\",\"@id\":\"https:\/\/www.purtsepruulikoda.ee\/ru\/mekituba\",\"url\":\"https:\/\/www.purtsepruulikoda.ee\/ru\/mekituba\",\"name\":\"Mekituba - Purtse\",\"isPartOf\":{\"@id\":\"https:\/\/www.purtsepruulikoda.ee\/#website\"},\"datePublished\":\"2019-12-02T21:29:15+00:00\",\"dateModified\":\"2024-11-24T17:09:05+00:00\",\"breadcrumb\":{\"@id\":\"https:\/\/www.purtsepruulikoda.ee\/ru\/mekituba#breadcrumb\"},\"inLanguage\":\"ru-RU\",\"potentialAction\":[{\"@type\":\"ReadAction\",\"target\":[\"https:\/\/www.purtsepruulikoda.ee\/ru\/mekituba\"]}]},{\"@type\":\"BreadcrumbList\",\"@id\":\"https:\/\/www.purtsepruulikoda.ee\/ru\/mekituba#breadcrumb\",\"itemListElement\":[{\"@type\":\"ListItem\",\"position\":1,\"name\":\"Home\",\"item\":\"https:\/\/www.purtsepruulikoda.ee\/ru\"},{\"@type\":\"ListItem\",\"position\":2,\"name\":\"Mekituba\"}]},{\"@type\":\"WebSite\",\"@id\":\"https:\/\/www.purtsepruulikoda.ee\/#website\",\"url\":\"https:\/\/www.purtsepruulikoda.ee\/\",\"name\":\"Purtse\",\"description\":\"K\u00e4sit\u00f6\u00f6\u00f5lu Metsikust Idast. Industriaalne, eksperimentaalne, pruulitud koos fantastiliste humalate ja lugudega Purtse kindluses.\",\"potentialAction\":[{\"@type\":\"SearchAction\",\"target\":{\"@type\":\"EntryPoint\",\"urlTemplate\":\"https:\/\/www.purtsepruulikoda.ee\/?s={search_term_string}\"},\"query-input\":{\"@type\":\"PropertyValueSpecification\",\"valueRequired\":true,\"valueName\":\"search_term_string\"}}],\"inLanguage\":\"ru-RU\"}]}<\/script>\n<!-- \/ Yoast SEO plugin. -->","yoast_head_json":{"title":"Mekituba - Purtse","robots":{"index":"index","follow":"follow","max-snippet":"max-snippet:-1","max-image-preview":"max-image-preview:large","max-video-preview":"max-video-preview:-1"},"canonical":"https:\/\/www.purtsepruulikoda.ee\/ru\/mekituba","og_locale":"ru_RU","og_type":"article","og_title":"Mekituba - Purtse","og_url":"https:\/\/www.purtsepruulikoda.ee\/ru\/mekituba","og_site_name":"Purtse","article_modified_time":"2024-11-24T17:09:05+00:00","twitter_card":"summary_large_image","schema":{"@context":"https:\/\/schema.org","@graph":[{"@type":"WebPage","@id":"https:\/\/www.purtsepruulikoda.ee\/ru\/mekituba","url":"https:\/\/www.purtsepruulikoda.ee\/ru\/mekituba","name":"Mekituba - Purtse","isPartOf":{"@id":"https:\/\/www.purtsepruulikoda.ee\/#website"},"datePublished":"2019-12-02T21:29:15+00:00","dateModified":"2024-11-24T17:09:05+00:00","breadcrumb":{"@id":"https:\/\/www.purtsepruulikoda.ee\/ru\/mekituba#breadcrumb"},"inLanguage":"ru-RU","potentialAction":[{"@type":"ReadAction","target":["https:\/\/www.purtsepruulikoda.ee\/ru\/mekituba"]}]},{"@type":"BreadcrumbList","@id":"https:\/\/www.purtsepruulikoda.ee\/ru\/mekituba#breadcrumb","itemListElement":[{"@type":"ListItem","position":1,"name":"Home","item":"https:\/\/www.purtsepruulikoda.ee\/ru"},{"@type":"ListItem","position":2,"name":"Mekituba"}]},{"@type":"WebSite","@id":"https:\/\/www.purtsepruulikoda.ee\/#website","url":"https:\/\/www.purtsepruulikoda.ee\/","name":"Purtse","description":"K\u00e4sit\u00f6\u00f6\u00f5lu Metsikust Idast. Industriaalne, eksperimentaalne, pruulitud koos fantastiliste humalate ja lugudega Purtse kindluses.","potentialAction":[{"@type":"SearchAction","target":{"@type":"EntryPoint","urlTemplate":"https:\/\/www.purtsepruulikoda.ee\/?s={search_term_string}"},"query-input":{"@type":"PropertyValueSpecification","valueRequired":true,"valueName":"search_term_string"}}],"inLanguage":"ru-RU"}]}},"_links":{"self":[{"href":"https:\/\/www.purtsepruulikoda.ee\/ru\/wp-json\/wp\/v2\/pages\/2428","targetHints":{"allow":["GET"]}}],"collection":[{"href":"https:\/\/www.purtsepruulikoda.ee\/ru\/wp-json\/wp\/v2\/pages"}],"about":[{"href":"https:\/\/www.purtsepruulikoda.ee\/ru\/wp-json\/wp\/v2\/types\/page"}],"author":[{"embeddable":true,"href":"https:\/\/www.purtsepruulikoda.ee\/ru\/wp-json\/wp\/v2\/users\/2"}],"replies":[{"embeddable":true,"href":"https:\/\/www.purtsepruulikoda.ee\/ru\/wp-json\/wp\/v2\/comments?post=2428"}],"version-history":[{"count":1,"href":"https:\/\/www.purtsepruulikoda.ee\/ru\/wp-json\/wp\/v2\/pages\/2428\/revisions"}],"predecessor-version":[{"id":2430,"href":"https:\/\/www.purtsepruulikoda.ee\/ru\/wp-json\/wp\/v2\/pages\/2428\/revisions\/2430"}],"wp:attachment":[{"href":"https:\/\/www.purtsepruulikoda.ee\/ru\/wp-json\/wp\/v2\/media?parent=2428"}],"curies":[{"name":"wp","href":"https:\/\/api.w.org\/{rel}","templated":true}]}}