{"id":567,"date":"2016-06-15T14:25:36","date_gmt":"2016-06-15T11:25:36","guid":{"rendered":"https:\/\/www.purtsepruulikoda.ee\/purtse-pruulikoda-esitleb-kasitooolu-metsikust-idast"},"modified":"2025-02-02T18:24:49","modified_gmt":"2025-02-02T16:24:49","slug":"purtse-pruulikoda-esitleb-kasitooolu-metsikust-idast","status":"publish","type":"page","link":"https:\/\/www.purtsepruulikoda.ee\/ru","title":{"rendered":"\u0413\u043b\u0430\u0432\u043d\u0430\u044f"},"content":{"rendered":"","protected":false},"excerpt":{"rendered":"","protected":false},"author":7,"featured_media":0,"parent":0,"menu_order":0,"comment_status":"closed","ping_status":"closed","template":"templates\/avaleht.php","meta":{"_acf_changed":false,"footnotes":""},"class_list":["post-567","page","type-page","status-publish","hentry"],"acf":[],"yoast_head":"<!-- This site is optimized with the Yoast SEO plugin v26.4 - https:\/\/yoast.com\/wordpress\/plugins\/seo\/ -->\n<title>Purtse Pruulikoda<\/title>\n<meta name=\"description\" content=\"K\u00e4sit\u00f6\u00f6\u00f5lu Metsikust Idast. Pruulitud koos fantastiliste humalate ja lugudega Purtse pruulikojas.\" \/>\n<meta name=\"robots\" content=\"index, follow, max-snippet:-1, max-image-preview:large, max-video-preview:-1\" \/>\n<link rel=\"canonical\" href=\"https:\/\/www.purtsepruulikoda.ee\/ru\" \/>\n<meta property=\"og:locale\" content=\"ru_RU\" \/>\n<meta property=\"og:type\" content=\"article\" \/>\n<meta property=\"og:title\" content=\"Purtse Pruulikoda\" \/>\n<meta property=\"og:description\" content=\"K\u00e4sit\u00f6\u00f6\u00f5lu Metsikust Idast. Pruulitud koos fantastiliste humalate ja lugudega Purtse pruulikojas.\" \/>\n<meta property=\"og:url\" content=\"https:\/\/www.purtsepruulikoda.ee\/ru\" \/>\n<meta property=\"og:site_name\" content=\"Purtse\" \/>\n<meta property=\"article:modified_time\" content=\"2025-02-02T16:24:49+00:00\" \/>\n<meta name=\"twitter:card\" content=\"summary_large_image\" \/>\n<script type=\"application\/ld+json\" class=\"yoast-schema-graph\">{\"@context\":\"https:\/\/schema.org\",\"@graph\":[{\"@type\":\"WebPage\",\"@id\":\"https:\/\/www.purtsepruulikoda.ee\/ru\",\"url\":\"https:\/\/www.purtsepruulikoda.ee\/ru\",\"name\":\"Purtse Pruulikoda\",\"isPartOf\":{\"@id\":\"https:\/\/www.purtsepruulikoda.ee\/#website\"},\"datePublished\":\"2016-06-15T11:25:36+00:00\",\"dateModified\":\"2025-02-02T16:24:49+00:00\",\"description\":\"K\u00e4sit\u00f6\u00f6\u00f5lu Metsikust Idast. Pruulitud koos fantastiliste humalate ja lugudega Purtse pruulikojas.\",\"breadcrumb\":{\"@id\":\"https:\/\/www.purtsepruulikoda.ee\/ru#breadcrumb\"},\"inLanguage\":\"ru-RU\",\"potentialAction\":[{\"@type\":\"ReadAction\",\"target\":[\"https:\/\/www.purtsepruulikoda.ee\/ru\"]}]},{\"@type\":\"BreadcrumbList\",\"@id\":\"https:\/\/www.purtsepruulikoda.ee\/ru#breadcrumb\",\"itemListElement\":[{\"@type\":\"ListItem\",\"position\":1,\"name\":\"Home\",\"item\":\"https:\/\/www.purtsepruulikoda.ee\/ru\"},{\"@type\":\"ListItem\",\"position\":2,\"name\":\"\u0413\u043b\u0430\u0432\u043d\u0430\u044f\"}]},{\"@type\":\"WebSite\",\"@id\":\"https:\/\/www.purtsepruulikoda.ee\/#website\",\"url\":\"https:\/\/www.purtsepruulikoda.ee\/\",\"name\":\"Purtse\",\"description\":\"K\u00e4sit\u00f6\u00f6\u00f5lu Metsikust Idast. Industriaalne, eksperimentaalne, pruulitud koos fantastiliste humalate ja lugudega Purtse kindluses.\",\"potentialAction\":[{\"@type\":\"SearchAction\",\"target\":{\"@type\":\"EntryPoint\",\"urlTemplate\":\"https:\/\/www.purtsepruulikoda.ee\/?s={search_term_string}\"},\"query-input\":{\"@type\":\"PropertyValueSpecification\",\"valueRequired\":true,\"valueName\":\"search_term_string\"}}],\"inLanguage\":\"ru-RU\"}]}<\/script>\n<!-- \/ Yoast SEO plugin. -->","yoast_head_json":{"title":"Purtse Pruulikoda","description":"K\u00e4sit\u00f6\u00f6\u00f5lu Metsikust Idast. Pruulitud koos fantastiliste humalate ja lugudega Purtse pruulikojas.","robots":{"index":"index","follow":"follow","max-snippet":"max-snippet:-1","max-image-preview":"max-image-preview:large","max-video-preview":"max-video-preview:-1"},"canonical":"https:\/\/www.purtsepruulikoda.ee\/ru","og_locale":"ru_RU","og_type":"article","og_title":"Purtse Pruulikoda","og_description":"K\u00e4sit\u00f6\u00f6\u00f5lu Metsikust Idast. Pruulitud koos fantastiliste humalate ja lugudega Purtse pruulikojas.","og_url":"https:\/\/www.purtsepruulikoda.ee\/ru","og_site_name":"Purtse","article_modified_time":"2025-02-02T16:24:49+00:00","twitter_card":"summary_large_image","schema":{"@context":"https:\/\/schema.org","@graph":[{"@type":"WebPage","@id":"https:\/\/www.purtsepruulikoda.ee\/ru","url":"https:\/\/www.purtsepruulikoda.ee\/ru","name":"Purtse Pruulikoda","isPartOf":{"@id":"https:\/\/www.purtsepruulikoda.ee\/#website"},"datePublished":"2016-06-15T11:25:36+00:00","dateModified":"2025-02-02T16:24:49+00:00","description":"K\u00e4sit\u00f6\u00f6\u00f5lu Metsikust Idast. Pruulitud koos fantastiliste humalate ja lugudega Purtse pruulikojas.","breadcrumb":{"@id":"https:\/\/www.purtsepruulikoda.ee\/ru#breadcrumb"},"inLanguage":"ru-RU","potentialAction":[{"@type":"ReadAction","target":["https:\/\/www.purtsepruulikoda.ee\/ru"]}]},{"@type":"BreadcrumbList","@id":"https:\/\/www.purtsepruulikoda.ee\/ru#breadcrumb","itemListElement":[{"@type":"ListItem","position":1,"name":"Home","item":"https:\/\/www.purtsepruulikoda.ee\/ru"},{"@type":"ListItem","position":2,"name":"\u0413\u043b\u0430\u0432\u043d\u0430\u044f"}]},{"@type":"WebSite","@id":"https:\/\/www.purtsepruulikoda.ee\/#website","url":"https:\/\/www.purtsepruulikoda.ee\/","name":"Purtse","description":"K\u00e4sit\u00f6\u00f6\u00f5lu Metsikust Idast. Industriaalne, eksperimentaalne, pruulitud koos fantastiliste humalate ja lugudega Purtse kindluses.","potentialAction":[{"@type":"SearchAction","target":{"@type":"EntryPoint","urlTemplate":"https:\/\/www.purtsepruulikoda.ee\/?s={search_term_string}"},"query-input":{"@type":"PropertyValueSpecification","valueRequired":true,"valueName":"search_term_string"}}],"inLanguage":"ru-RU"}]}},"_links":{"self":[{"href":"https:\/\/www.purtsepruulikoda.ee\/ru\/wp-json\/wp\/v2\/pages\/567","targetHints":{"allow":["GET"]}}],"collection":[{"href":"https:\/\/www.purtsepruulikoda.ee\/ru\/wp-json\/wp\/v2\/pages"}],"about":[{"href":"https:\/\/www.purtsepruulikoda.ee\/ru\/wp-json\/wp\/v2\/types\/page"}],"author":[{"embeddable":true,"href":"https:\/\/www.purtsepruulikoda.ee\/ru\/wp-json\/wp\/v2\/users\/7"}],"replies":[{"embeddable":true,"href":"https:\/\/www.purtsepruulikoda.ee\/ru\/wp-json\/wp\/v2\/comments?post=567"}],"version-history":[{"count":6,"href":"https:\/\/www.purtsepruulikoda.ee\/ru\/wp-json\/wp\/v2\/pages\/567\/revisions"}],"predecessor-version":[{"id":2708,"href":"https:\/\/www.purtsepruulikoda.ee\/ru\/wp-json\/wp\/v2\/pages\/567\/revisions\/2708"}],"wp:attachment":[{"href":"https:\/\/www.purtsepruulikoda.ee\/ru\/wp-json\/wp\/v2\/media?parent=567"}],"curies":[{"name":"wp","href":"https:\/\/api.w.org\/{rel}","templated":true}]}}